{"id":1740,"date":"2024-09-13T13:16:29","date_gmt":"2024-09-13T13:16:29","guid":{"rendered":"https:\/\/grandhotelermitage.fr\/restaurants\/"},"modified":"2025-01-28T20:41:44","modified_gmt":"2025-01-28T20:41:44","slug":"restaurants","status":"publish","type":"page","link":"https:\/\/grandhotelermitage.fr\/ca\/restaurants\/","title":{"rendered":"Restaurants"},"content":{"rendered":"","protected":false},"excerpt":{"rendered":"","protected":false},"author":1,"featured_media":2528,"parent":0,"menu_order":0,"comment_status":"closed","ping_status":"closed","template":"","meta":{"_acf_changed":false,"_et_pb_use_builder":"","_et_pb_old_content":"","_et_gb_content_width":"","footnotes":""},"class_list":["post-1740","page","type-page","status-publish","has-post-thumbnail","hentry"],"acf":{"rest-img1":2565,"rest-st1":"Restaurant","rest-t1":"Le Saint-Anne","rest-desc1":"Grans finestrals, una xemeneia voltada de taules i cadires, una impressionant cava de vidre i metall carregada de bons vins per triar i a per tot arreu fusta, pedra, tons blancs nacrats, jocs de llum... \u00c9s en aquest univers, aquesta balconada cap al cim del cim del Cambra d'Ase i altres cims dels Pirineus, que el xef prepara deliciosos plats en un men\u00fa \u00fanic de cinc serveis, com un delici\u00f3s sopar a la vora del foc, on els millors productes del Rossell\u00f3 i la Cerdanya en s\u00f3n protagonistes. Vedella de Cerdanya, ceps, truita dels Pirineus, la tradicional ollada del Rossell\u00f3 (l\u2019escudella del sud), el jarret o botifarra, tots plants ben nostrats amb producte d\u2019alta qualitat. La precisi\u00f3 de les coccions i la delicadesa de les textures, amb alguns lleus tocs d\u2019amarg o \u00e0cid...\r\n\r\n<a class=\"btn\">Reserva al 04 68 04 04 08<\/a>\r\n<a class=\"btn\" href=\"https:\/\/grandhotelermitage.vouchercart.com\/app\/\" target=\"_blank\">Regala-li un Sopar \u2764\ufe0f<\/a>\r\n\r\n","index-galerie":[2117,2573,2569,2486,2585,2597,2605,2609,2227,2113,2581,2151,2139,2175,2179,2219,2085,2577,2589,2593,2601,2613],"rest-img2":2533,"rest-st2":"Brasserie","rest-t2":"L'Ermitage caf\u00e9","rest-desc2":"Tan bon punt creuem la recepci\u00f3, l\u2019Ermitage Caf\u00e9 convida a aturar-nos a fer una mossegada o b\u00e9 per entaular-se a gaudir d\u2019un bon dinar en un espai finament decorat amb fusta i cuir, amb una il\u00b7luminaci\u00f3 que acaba de completar el toc de caliu que tant s\u2019agraeix a muntanya. Al men\u00fa, una cuina que s\u2019escomet amb modernitat per\u00f2 alhora fa honor a cada estaci\u00f3, als petits productors locals i a la tradici\u00f3 culin\u00e0ria catalana. Gaudiu d\u2019aquest acollidor menjador envoltat de fusta, o regaleu-vos a la terrassa al repetell del sol. \r\n\r\n<a class=\"btn\">Sense Reserva<\/a>\r\n\r\n<a href=\"https:\/\/grandhotelermitage.fr\/wp-content\/uploads\/2024\/12\/brasserie.pdf\" target=\"_blank\" class=\"btn\">Veure el men\u00fa<\/a>","index-galerie2":""},"yoast_head":"<!-- This site is optimized with the Yoast SEO plugin v27.3 - https:\/\/yoast.com\/product\/yoast-seo-wordpress\/ -->\n<title>Restaurants - Grand H\u00f4tel L&#039;Ermitage<\/title>\n<meta name=\"robots\" content=\"index, follow, max-snippet:-1, max-image-preview:large, max-video-preview:-1\" \/>\n<link rel=\"canonical\" href=\"https:\/\/grandhotelermitage.fr\/ca\/restaurants\/\" \/>\n<meta property=\"og:locale\" content=\"ca_ES\" \/>\n<meta property=\"og:type\" content=\"article\" \/>\n<meta property=\"og:title\" content=\"Restaurants - Grand H\u00f4tel L&#039;Ermitage\" \/>\n<meta property=\"og:url\" content=\"https:\/\/grandhotelermitage.fr\/ca\/restaurants\/\" \/>\n<meta property=\"og:site_name\" content=\"Grand H\u00f4tel L&#039;Ermitage\" \/>\n<meta property=\"article:publisher\" content=\"https:\/\/www.facebook.com\/profile.php?id=61568744783457\" \/>\n<meta property=\"article:modified_time\" content=\"2025-01-28T20:41:44+00:00\" \/>\n<meta property=\"og:image\" content=\"https:\/\/grandhotelermitage.fr\/wp-content\/uploads\/2025\/01\/465A0133.jpg\" \/>\n\t<meta property=\"og:image:width\" content=\"812\" \/>\n\t<meta property=\"og:image:height\" content=\"542\" \/>\n\t<meta property=\"og:image:type\" content=\"image\/jpeg\" \/>\n<meta name=\"twitter:card\" content=\"summary_large_image\" \/>\n<script type=\"application\/ld+json\" class=\"yoast-schema-graph\">{\"@context\":\"https:\\\/\\\/schema.org\",\"@graph\":[{\"@type\":\"WebPage\",\"@id\":\"https:\\\/\\\/grandhotelermitage.fr\\\/ca\\\/restaurants\\\/\",\"url\":\"https:\\\/\\\/grandhotelermitage.fr\\\/ca\\\/restaurants\\\/\",\"name\":\"Restaurants - Grand H\u00f4tel L&#039;Ermitage\",\"isPartOf\":{\"@id\":\"https:\\\/\\\/grandhotelermitage.fr\\\/#website\"},\"primaryImageOfPage\":{\"@id\":\"https:\\\/\\\/grandhotelermitage.fr\\\/ca\\\/restaurants\\\/#primaryimage\"},\"image\":{\"@id\":\"https:\\\/\\\/grandhotelermitage.fr\\\/ca\\\/restaurants\\\/#primaryimage\"},\"thumbnailUrl\":\"https:\\\/\\\/grandhotelermitage.fr\\\/wp-content\\\/uploads\\\/2025\\\/10\\\/Ermitage_0CT25_084-scaled.jpg\",\"datePublished\":\"2024-09-13T13:16:29+00:00\",\"dateModified\":\"2025-01-28T20:41:44+00:00\",\"breadcrumb\":{\"@id\":\"https:\\\/\\\/grandhotelermitage.fr\\\/ca\\\/restaurants\\\/#breadcrumb\"},\"inLanguage\":\"ca\",\"potentialAction\":[{\"@type\":\"ReadAction\",\"target\":[\"https:\\\/\\\/grandhotelermitage.fr\\\/ca\\\/restaurants\\\/\"]}]},{\"@type\":\"ImageObject\",\"inLanguage\":\"ca\",\"@id\":\"https:\\\/\\\/grandhotelermitage.fr\\\/ca\\\/restaurants\\\/#primaryimage\",\"url\":\"https:\\\/\\\/grandhotelermitage.fr\\\/wp-content\\\/uploads\\\/2025\\\/10\\\/Ermitage_0CT25_084-scaled.jpg\",\"contentUrl\":\"https:\\\/\\\/grandhotelermitage.fr\\\/wp-content\\\/uploads\\\/2025\\\/10\\\/Ermitage_0CT25_084-scaled.jpg\",\"width\":1920,\"height\":2880},{\"@type\":\"BreadcrumbList\",\"@id\":\"https:\\\/\\\/grandhotelermitage.fr\\\/ca\\\/restaurants\\\/#breadcrumb\",\"itemListElement\":[{\"@type\":\"ListItem\",\"position\":1,\"name\":\"Accueil\",\"item\":\"https:\\\/\\\/grandhotelermitage.fr\\\/ca\\\/\"},{\"@type\":\"ListItem\",\"position\":2,\"name\":\"Restaurants\"}]},{\"@type\":\"WebSite\",\"@id\":\"https:\\\/\\\/grandhotelermitage.fr\\\/#website\",\"url\":\"https:\\\/\\\/grandhotelermitage.fr\\\/\",\"name\":\"Grand H\u00f4tel L'Ermitage\",\"description\":\"\",\"publisher\":{\"@id\":\"https:\\\/\\\/grandhotelermitage.fr\\\/#organization\"},\"potentialAction\":[{\"@type\":\"SearchAction\",\"target\":{\"@type\":\"EntryPoint\",\"urlTemplate\":\"https:\\\/\\\/grandhotelermitage.fr\\\/?s={search_term_string}\"},\"query-input\":{\"@type\":\"PropertyValueSpecification\",\"valueRequired\":true,\"valueName\":\"search_term_string\"}}],\"inLanguage\":\"ca\"},{\"@type\":\"Organization\",\"@id\":\"https:\\\/\\\/grandhotelermitage.fr\\\/#organization\",\"name\":\"Grand H\u00f4tel L'Ermitage\",\"url\":\"https:\\\/\\\/grandhotelermitage.fr\\\/\",\"logo\":{\"@type\":\"ImageObject\",\"inLanguage\":\"ca\",\"@id\":\"https:\\\/\\\/grandhotelermitage.fr\\\/#\\\/schema\\\/logo\\\/image\\\/\",\"url\":\"https:\\\/\\\/grandhotelermitage.fr\\\/wp-content\\\/uploads\\\/2024\\\/11\\\/LogoGrandHotelErmitage-noir.svg\",\"contentUrl\":\"https:\\\/\\\/grandhotelermitage.fr\\\/wp-content\\\/uploads\\\/2024\\\/11\\\/LogoGrandHotelErmitage-noir.svg\",\"width\":983,\"height\":421,\"caption\":\"Grand H\u00f4tel L'Ermitage\"},\"image\":{\"@id\":\"https:\\\/\\\/grandhotelermitage.fr\\\/#\\\/schema\\\/logo\\\/image\\\/\"},\"sameAs\":[\"https:\\\/\\\/www.facebook.com\\\/profile.php?id=61568744783457\",\"https:\\\/\\\/www.instagram.com\\\/grandhotelermitage\\\/\"]}]}<\/script>\n<!-- \/ Yoast SEO plugin. -->","yoast_head_json":{"title":"Restaurants - Grand H\u00f4tel L&#039;Ermitage","robots":{"index":"index","follow":"follow","max-snippet":"max-snippet:-1","max-image-preview":"max-image-preview:large","max-video-preview":"max-video-preview:-1"},"canonical":"https:\/\/grandhotelermitage.fr\/ca\/restaurants\/","og_locale":"ca_ES","og_type":"article","og_title":"Restaurants - Grand H\u00f4tel L&#039;Ermitage","og_url":"https:\/\/grandhotelermitage.fr\/ca\/restaurants\/","og_site_name":"Grand H\u00f4tel L&#039;Ermitage","article_publisher":"https:\/\/www.facebook.com\/profile.php?id=61568744783457","article_modified_time":"2025-01-28T20:41:44+00:00","og_image":[{"width":812,"height":542,"url":"https:\/\/grandhotelermitage.fr\/wp-content\/uploads\/2025\/01\/465A0133.jpg","type":"image\/jpeg"}],"twitter_card":"summary_large_image","schema":{"@context":"https:\/\/schema.org","@graph":[{"@type":"WebPage","@id":"https:\/\/grandhotelermitage.fr\/ca\/restaurants\/","url":"https:\/\/grandhotelermitage.fr\/ca\/restaurants\/","name":"Restaurants - Grand H\u00f4tel L&#039;Ermitage","isPartOf":{"@id":"https:\/\/grandhotelermitage.fr\/#website"},"primaryImageOfPage":{"@id":"https:\/\/grandhotelermitage.fr\/ca\/restaurants\/#primaryimage"},"image":{"@id":"https:\/\/grandhotelermitage.fr\/ca\/restaurants\/#primaryimage"},"thumbnailUrl":"https:\/\/grandhotelermitage.fr\/wp-content\/uploads\/2025\/10\/Ermitage_0CT25_084-scaled.jpg","datePublished":"2024-09-13T13:16:29+00:00","dateModified":"2025-01-28T20:41:44+00:00","breadcrumb":{"@id":"https:\/\/grandhotelermitage.fr\/ca\/restaurants\/#breadcrumb"},"inLanguage":"ca","potentialAction":[{"@type":"ReadAction","target":["https:\/\/grandhotelermitage.fr\/ca\/restaurants\/"]}]},{"@type":"ImageObject","inLanguage":"ca","@id":"https:\/\/grandhotelermitage.fr\/ca\/restaurants\/#primaryimage","url":"https:\/\/grandhotelermitage.fr\/wp-content\/uploads\/2025\/10\/Ermitage_0CT25_084-scaled.jpg","contentUrl":"https:\/\/grandhotelermitage.fr\/wp-content\/uploads\/2025\/10\/Ermitage_0CT25_084-scaled.jpg","width":1920,"height":2880},{"@type":"BreadcrumbList","@id":"https:\/\/grandhotelermitage.fr\/ca\/restaurants\/#breadcrumb","itemListElement":[{"@type":"ListItem","position":1,"name":"Accueil","item":"https:\/\/grandhotelermitage.fr\/ca\/"},{"@type":"ListItem","position":2,"name":"Restaurants"}]},{"@type":"WebSite","@id":"https:\/\/grandhotelermitage.fr\/#website","url":"https:\/\/grandhotelermitage.fr\/","name":"Grand H\u00f4tel L'Ermitage","description":"","publisher":{"@id":"https:\/\/grandhotelermitage.fr\/#organization"},"potentialAction":[{"@type":"SearchAction","target":{"@type":"EntryPoint","urlTemplate":"https:\/\/grandhotelermitage.fr\/?s={search_term_string}"},"query-input":{"@type":"PropertyValueSpecification","valueRequired":true,"valueName":"search_term_string"}}],"inLanguage":"ca"},{"@type":"Organization","@id":"https:\/\/grandhotelermitage.fr\/#organization","name":"Grand H\u00f4tel L'Ermitage","url":"https:\/\/grandhotelermitage.fr\/","logo":{"@type":"ImageObject","inLanguage":"ca","@id":"https:\/\/grandhotelermitage.fr\/#\/schema\/logo\/image\/","url":"https:\/\/grandhotelermitage.fr\/wp-content\/uploads\/2024\/11\/LogoGrandHotelErmitage-noir.svg","contentUrl":"https:\/\/grandhotelermitage.fr\/wp-content\/uploads\/2024\/11\/LogoGrandHotelErmitage-noir.svg","width":983,"height":421,"caption":"Grand H\u00f4tel L'Ermitage"},"image":{"@id":"https:\/\/grandhotelermitage.fr\/#\/schema\/logo\/image\/"},"sameAs":["https:\/\/www.facebook.com\/profile.php?id=61568744783457","https:\/\/www.instagram.com\/grandhotelermitage\/"]}]}},"_links":{"self":[{"href":"https:\/\/grandhotelermitage.fr\/ca\/wp-json\/wp\/v2\/pages\/1740","targetHints":{"allow":["GET"]}}],"collection":[{"href":"https:\/\/grandhotelermitage.fr\/ca\/wp-json\/wp\/v2\/pages"}],"about":[{"href":"https:\/\/grandhotelermitage.fr\/ca\/wp-json\/wp\/v2\/types\/page"}],"author":[{"embeddable":true,"href":"https:\/\/grandhotelermitage.fr\/ca\/wp-json\/wp\/v2\/users\/1"}],"replies":[{"embeddable":true,"href":"https:\/\/grandhotelermitage.fr\/ca\/wp-json\/wp\/v2\/comments?post=1740"}],"version-history":[{"count":3,"href":"https:\/\/grandhotelermitage.fr\/ca\/wp-json\/wp\/v2\/pages\/1740\/revisions"}],"predecessor-version":[{"id":2267,"href":"https:\/\/grandhotelermitage.fr\/ca\/wp-json\/wp\/v2\/pages\/1740\/revisions\/2267"}],"acf:attachment":[{"embeddable":true,"href":"https:\/\/grandhotelermitage.fr\/ca\/wp-json\/wp\/v2\/media\/2613"},{"embeddable":true,"href":"https:\/\/grandhotelermitage.fr\/ca\/wp-json\/wp\/v2\/media\/2601"},{"embeddable":true,"href":"https:\/\/grandhotelermitage.fr\/ca\/wp-json\/wp\/v2\/media\/2593"},{"embeddable":true,"href":"https:\/\/grandhotelermitage.fr\/ca\/wp-json\/wp\/v2\/media\/2589"},{"embeddable":true,"href":"https:\/\/grandhotelermitage.fr\/ca\/wp-json\/wp\/v2\/media\/2577"},{"embeddable":true,"href":"https:\/\/grandhotelermitage.fr\/ca\/wp-json\/wp\/v2\/media\/2085"},{"embeddable":true,"href":"https:\/\/grandhotelermitage.fr\/ca\/wp-json\/wp\/v2\/media\/2219"},{"embeddable":true,"href":"https:\/\/grandhotelermitage.fr\/ca\/wp-json\/wp\/v2\/media\/2179"},{"embeddable":true,"href":"https:\/\/grandhotelermitage.fr\/ca\/wp-json\/wp\/v2\/media\/2175"},{"embeddable":true,"href":"https:\/\/grandhotelermitage.fr\/ca\/wp-json\/wp\/v2\/media\/2139"},{"embeddable":true,"href":"https:\/\/grandhotelermitage.fr\/ca\/wp-json\/wp\/v2\/media\/2151"},{"embeddable":true,"href":"https:\/\/grandhotelermitage.fr\/ca\/wp-json\/wp\/v2\/media\/2581"},{"embeddable":true,"href":"https:\/\/grandhotelermitage.fr\/ca\/wp-json\/wp\/v2\/media\/2113"},{"embeddable":true,"href":"https:\/\/grandhotelermitage.fr\/ca\/wp-json\/wp\/v2\/media\/2227"},{"embeddable":true,"href":"https:\/\/grandhotelermitage.fr\/ca\/wp-json\/wp\/v2\/media\/2609"},{"embeddable":true,"href":"https:\/\/grandhotelermitage.fr\/ca\/wp-json\/wp\/v2\/media\/2605"},{"embeddable":true,"href":"https:\/\/grandhotelermitage.fr\/ca\/wp-json\/wp\/v2\/media\/2597"},{"embeddable":true,"href":"https:\/\/grandhotelermitage.fr\/ca\/wp-json\/wp\/v2\/media\/2585"},{"embeddable":true,"href":"https:\/\/grandhotelermitage.fr\/ca\/wp-json\/wp\/v2\/media\/2486"},{"embeddable":true,"href":"https:\/\/grandhotelermitage.fr\/ca\/wp-json\/wp\/v2\/media\/2569"},{"embeddable":true,"href":"https:\/\/grandhotelermitage.fr\/ca\/wp-json\/wp\/v2\/media\/2573"},{"embeddable":true,"href":"https:\/\/grandhotelermitage.fr\/ca\/wp-json\/wp\/v2\/media\/2117"}],"wp:featuredmedia":[{"embeddable":true,"href":"https:\/\/grandhotelermitage.fr\/ca\/wp-json\/wp\/v2\/media\/2528"}],"wp:attachment":[{"href":"https:\/\/grandhotelermitage.fr\/ca\/wp-json\/wp\/v2\/media?parent=1740"}],"curies":[{"name":"wp","href":"https:\/\/api.w.org\/{rel}","templated":true}]}}