{"id":1741,"date":"2024-09-13T13:16:29","date_gmt":"2024-09-13T13:16:29","guid":{"rendered":"https:\/\/grandhotelermitage.fr\/restaurants\/"},"modified":"2025-01-28T20:44:03","modified_gmt":"2025-01-28T20:44:03","slug":"restaurants","status":"publish","type":"page","link":"https:\/\/grandhotelermitage.fr\/en\/restaurants\/","title":{"rendered":"Restaurants"},"content":{"rendered":"","protected":false},"excerpt":{"rendered":"","protected":false},"author":1,"featured_media":2529,"parent":0,"menu_order":0,"comment_status":"closed","ping_status":"closed","template":"","meta":{"_acf_changed":false,"_et_pb_use_builder":"","_et_pb_old_content":"","_et_gb_content_width":"","footnotes":""},"class_list":["post-1741","page","type-page","status-publish","has-post-thumbnail","hentry"],"acf":{"rest-img1":2566,"rest-st1":"Restaurant","rest-t1":"Le Saint-Anne","rest-desc1":"Wide floor-to-ceiling picture windows, a fireplace around which tables and chairs are arranged, a superb wine cellar where fine bottles are sheltered in a glass and metal case, wood, stone, pearly white tones and a play of light everywhere... It's in this world with a superb view of the Pyrenees and the Cambre d'Aze that the chef prepares small dishes for a unique five-course menu. It's a fireside dinner where the best of the Roussillon produce takes centre stage. Veal \u2018ros\u00e9e des Pyr\u00e9n\u00e9es\u2019, C\u00e9pes, trout from the Pyrenees and even ollada, shank and sausage, the typical Catalan dish. The precision of the cooking, the finesse of the textures, a few hints of acidity or bitterness...\r\n\r\n<a class=\"btn\">Book at 04 68 04 04 08<\/a>\r\n<a class=\"btn\" href=\"https:\/\/grandhotelermitage.vouchercart.com\/app\/\" target=\"_blank\">Offer them a Dinner \u2764\ufe0f<\/a>\r\n","index-galerie":[2118,2574,2570,2487,2586,2598,2606,2610,2228,2114,2582,2152,2140,2176,2180,2220,2086,2578,2590,2594,2602,2614],"rest-img2":2534,"rest-st2":"Brasserie","rest-t2":"L'Ermitage caf\u00e9","rest-desc2":"As soon as the reception is over, the Ermitage Caf\u00e9 invites you to take a lunch break in a warm setting, decorated with wood and leather, animal skins and airy chandeliers. On the menu is a modern take on bistro cuisine, with a focus on the seasons, local producers and timeless Catalan flavours. Enjoy the simple pleasures under the wooden ceilings or in the sunshine on the terrace.\r\n\r\n<a class=\"btn\">Without reservation<\/a>\r\n\r\n<a href=\"https:\/\/grandhotelermitage.fr\/wp-content\/uploads\/2024\/12\/brasserie.pdf\" target=\"_blank\" class=\"btn\">See the menu<\/a>","index-galerie2":""},"yoast_head":"<!-- This site is optimized with the Yoast SEO plugin v27.3 - https:\/\/yoast.com\/product\/yoast-seo-wordpress\/ -->\n<title>Restaurants - Grand H\u00f4tel L&#039;Ermitage<\/title>\n<meta name=\"robots\" content=\"index, follow, max-snippet:-1, max-image-preview:large, max-video-preview:-1\" \/>\n<link rel=\"canonical\" href=\"https:\/\/grandhotelermitage.fr\/en\/restaurants\/\" \/>\n<meta property=\"og:locale\" content=\"en_US\" \/>\n<meta property=\"og:type\" content=\"article\" \/>\n<meta property=\"og:title\" content=\"Restaurants - Grand H\u00f4tel L&#039;Ermitage\" \/>\n<meta property=\"og:url\" content=\"https:\/\/grandhotelermitage.fr\/en\/restaurants\/\" \/>\n<meta property=\"og:site_name\" content=\"Grand H\u00f4tel L&#039;Ermitage\" \/>\n<meta property=\"article:publisher\" content=\"https:\/\/www.facebook.com\/profile.php?id=61568744783457\" \/>\n<meta property=\"article:modified_time\" content=\"2025-01-28T20:44:03+00:00\" \/>\n<meta property=\"og:image\" content=\"https:\/\/grandhotelermitage.fr\/wp-content\/uploads\/2025\/01\/465A0133.jpg\" \/>\n\t<meta property=\"og:image:width\" content=\"812\" \/>\n\t<meta property=\"og:image:height\" content=\"542\" \/>\n\t<meta property=\"og:image:type\" content=\"image\/jpeg\" \/>\n<meta name=\"twitter:card\" content=\"summary_large_image\" \/>\n<script type=\"application\/ld+json\" class=\"yoast-schema-graph\">{\"@context\":\"https:\\\/\\\/schema.org\",\"@graph\":[{\"@type\":\"WebPage\",\"@id\":\"https:\\\/\\\/grandhotelermitage.fr\\\/en\\\/restaurants\\\/\",\"url\":\"https:\\\/\\\/grandhotelermitage.fr\\\/en\\\/restaurants\\\/\",\"name\":\"Restaurants - Grand H\u00f4tel L&#039;Ermitage\",\"isPartOf\":{\"@id\":\"https:\\\/\\\/grandhotelermitage.fr\\\/#website\"},\"primaryImageOfPage\":{\"@id\":\"https:\\\/\\\/grandhotelermitage.fr\\\/en\\\/restaurants\\\/#primaryimage\"},\"image\":{\"@id\":\"https:\\\/\\\/grandhotelermitage.fr\\\/en\\\/restaurants\\\/#primaryimage\"},\"thumbnailUrl\":\"https:\\\/\\\/grandhotelermitage.fr\\\/wp-content\\\/uploads\\\/2025\\\/10\\\/Ermitage_0CT25_084-scaled.jpg\",\"datePublished\":\"2024-09-13T13:16:29+00:00\",\"dateModified\":\"2025-01-28T20:44:03+00:00\",\"breadcrumb\":{\"@id\":\"https:\\\/\\\/grandhotelermitage.fr\\\/en\\\/restaurants\\\/#breadcrumb\"},\"inLanguage\":\"en-US\",\"potentialAction\":[{\"@type\":\"ReadAction\",\"target\":[\"https:\\\/\\\/grandhotelermitage.fr\\\/en\\\/restaurants\\\/\"]}]},{\"@type\":\"ImageObject\",\"inLanguage\":\"en-US\",\"@id\":\"https:\\\/\\\/grandhotelermitage.fr\\\/en\\\/restaurants\\\/#primaryimage\",\"url\":\"https:\\\/\\\/grandhotelermitage.fr\\\/wp-content\\\/uploads\\\/2025\\\/10\\\/Ermitage_0CT25_084-scaled.jpg\",\"contentUrl\":\"https:\\\/\\\/grandhotelermitage.fr\\\/wp-content\\\/uploads\\\/2025\\\/10\\\/Ermitage_0CT25_084-scaled.jpg\",\"width\":1920,\"height\":2880},{\"@type\":\"BreadcrumbList\",\"@id\":\"https:\\\/\\\/grandhotelermitage.fr\\\/en\\\/restaurants\\\/#breadcrumb\",\"itemListElement\":[{\"@type\":\"ListItem\",\"position\":1,\"name\":\"Accueil\",\"item\":\"https:\\\/\\\/grandhotelermitage.fr\\\/en\\\/\"},{\"@type\":\"ListItem\",\"position\":2,\"name\":\"Restaurants\"}]},{\"@type\":\"WebSite\",\"@id\":\"https:\\\/\\\/grandhotelermitage.fr\\\/#website\",\"url\":\"https:\\\/\\\/grandhotelermitage.fr\\\/\",\"name\":\"Grand H\u00f4tel L'Ermitage\",\"description\":\"\",\"publisher\":{\"@id\":\"https:\\\/\\\/grandhotelermitage.fr\\\/#organization\"},\"potentialAction\":[{\"@type\":\"SearchAction\",\"target\":{\"@type\":\"EntryPoint\",\"urlTemplate\":\"https:\\\/\\\/grandhotelermitage.fr\\\/?s={search_term_string}\"},\"query-input\":{\"@type\":\"PropertyValueSpecification\",\"valueRequired\":true,\"valueName\":\"search_term_string\"}}],\"inLanguage\":\"en-US\"},{\"@type\":\"Organization\",\"@id\":\"https:\\\/\\\/grandhotelermitage.fr\\\/#organization\",\"name\":\"Grand H\u00f4tel L'Ermitage\",\"url\":\"https:\\\/\\\/grandhotelermitage.fr\\\/\",\"logo\":{\"@type\":\"ImageObject\",\"inLanguage\":\"en-US\",\"@id\":\"https:\\\/\\\/grandhotelermitage.fr\\\/#\\\/schema\\\/logo\\\/image\\\/\",\"url\":\"https:\\\/\\\/grandhotelermitage.fr\\\/wp-content\\\/uploads\\\/2024\\\/11\\\/LogoGrandHotelErmitage-noir.svg\",\"contentUrl\":\"https:\\\/\\\/grandhotelermitage.fr\\\/wp-content\\\/uploads\\\/2024\\\/11\\\/LogoGrandHotelErmitage-noir.svg\",\"width\":983,\"height\":421,\"caption\":\"Grand H\u00f4tel L'Ermitage\"},\"image\":{\"@id\":\"https:\\\/\\\/grandhotelermitage.fr\\\/#\\\/schema\\\/logo\\\/image\\\/\"},\"sameAs\":[\"https:\\\/\\\/www.facebook.com\\\/profile.php?id=61568744783457\",\"https:\\\/\\\/www.instagram.com\\\/grandhotelermitage\\\/\"]}]}<\/script>\n<!-- \/ Yoast SEO plugin. -->","yoast_head_json":{"title":"Restaurants - Grand H\u00f4tel L&#039;Ermitage","robots":{"index":"index","follow":"follow","max-snippet":"max-snippet:-1","max-image-preview":"max-image-preview:large","max-video-preview":"max-video-preview:-1"},"canonical":"https:\/\/grandhotelermitage.fr\/en\/restaurants\/","og_locale":"en_US","og_type":"article","og_title":"Restaurants - Grand H\u00f4tel L&#039;Ermitage","og_url":"https:\/\/grandhotelermitage.fr\/en\/restaurants\/","og_site_name":"Grand H\u00f4tel L&#039;Ermitage","article_publisher":"https:\/\/www.facebook.com\/profile.php?id=61568744783457","article_modified_time":"2025-01-28T20:44:03+00:00","og_image":[{"width":812,"height":542,"url":"https:\/\/grandhotelermitage.fr\/wp-content\/uploads\/2025\/01\/465A0133.jpg","type":"image\/jpeg"}],"twitter_card":"summary_large_image","schema":{"@context":"https:\/\/schema.org","@graph":[{"@type":"WebPage","@id":"https:\/\/grandhotelermitage.fr\/en\/restaurants\/","url":"https:\/\/grandhotelermitage.fr\/en\/restaurants\/","name":"Restaurants - Grand H\u00f4tel L&#039;Ermitage","isPartOf":{"@id":"https:\/\/grandhotelermitage.fr\/#website"},"primaryImageOfPage":{"@id":"https:\/\/grandhotelermitage.fr\/en\/restaurants\/#primaryimage"},"image":{"@id":"https:\/\/grandhotelermitage.fr\/en\/restaurants\/#primaryimage"},"thumbnailUrl":"https:\/\/grandhotelermitage.fr\/wp-content\/uploads\/2025\/10\/Ermitage_0CT25_084-scaled.jpg","datePublished":"2024-09-13T13:16:29+00:00","dateModified":"2025-01-28T20:44:03+00:00","breadcrumb":{"@id":"https:\/\/grandhotelermitage.fr\/en\/restaurants\/#breadcrumb"},"inLanguage":"en-US","potentialAction":[{"@type":"ReadAction","target":["https:\/\/grandhotelermitage.fr\/en\/restaurants\/"]}]},{"@type":"ImageObject","inLanguage":"en-US","@id":"https:\/\/grandhotelermitage.fr\/en\/restaurants\/#primaryimage","url":"https:\/\/grandhotelermitage.fr\/wp-content\/uploads\/2025\/10\/Ermitage_0CT25_084-scaled.jpg","contentUrl":"https:\/\/grandhotelermitage.fr\/wp-content\/uploads\/2025\/10\/Ermitage_0CT25_084-scaled.jpg","width":1920,"height":2880},{"@type":"BreadcrumbList","@id":"https:\/\/grandhotelermitage.fr\/en\/restaurants\/#breadcrumb","itemListElement":[{"@type":"ListItem","position":1,"name":"Accueil","item":"https:\/\/grandhotelermitage.fr\/en\/"},{"@type":"ListItem","position":2,"name":"Restaurants"}]},{"@type":"WebSite","@id":"https:\/\/grandhotelermitage.fr\/#website","url":"https:\/\/grandhotelermitage.fr\/","name":"Grand H\u00f4tel L'Ermitage","description":"","publisher":{"@id":"https:\/\/grandhotelermitage.fr\/#organization"},"potentialAction":[{"@type":"SearchAction","target":{"@type":"EntryPoint","urlTemplate":"https:\/\/grandhotelermitage.fr\/?s={search_term_string}"},"query-input":{"@type":"PropertyValueSpecification","valueRequired":true,"valueName":"search_term_string"}}],"inLanguage":"en-US"},{"@type":"Organization","@id":"https:\/\/grandhotelermitage.fr\/#organization","name":"Grand H\u00f4tel L'Ermitage","url":"https:\/\/grandhotelermitage.fr\/","logo":{"@type":"ImageObject","inLanguage":"en-US","@id":"https:\/\/grandhotelermitage.fr\/#\/schema\/logo\/image\/","url":"https:\/\/grandhotelermitage.fr\/wp-content\/uploads\/2024\/11\/LogoGrandHotelErmitage-noir.svg","contentUrl":"https:\/\/grandhotelermitage.fr\/wp-content\/uploads\/2024\/11\/LogoGrandHotelErmitage-noir.svg","width":983,"height":421,"caption":"Grand H\u00f4tel L'Ermitage"},"image":{"@id":"https:\/\/grandhotelermitage.fr\/#\/schema\/logo\/image\/"},"sameAs":["https:\/\/www.facebook.com\/profile.php?id=61568744783457","https:\/\/www.instagram.com\/grandhotelermitage\/"]}]}},"_links":{"self":[{"href":"https:\/\/grandhotelermitage.fr\/en\/wp-json\/wp\/v2\/pages\/1741","targetHints":{"allow":["GET"]}}],"collection":[{"href":"https:\/\/grandhotelermitage.fr\/en\/wp-json\/wp\/v2\/pages"}],"about":[{"href":"https:\/\/grandhotelermitage.fr\/en\/wp-json\/wp\/v2\/types\/page"}],"author":[{"embeddable":true,"href":"https:\/\/grandhotelermitage.fr\/en\/wp-json\/wp\/v2\/users\/1"}],"replies":[{"embeddable":true,"href":"https:\/\/grandhotelermitage.fr\/en\/wp-json\/wp\/v2\/comments?post=1741"}],"version-history":[{"count":3,"href":"https:\/\/grandhotelermitage.fr\/en\/wp-json\/wp\/v2\/pages\/1741\/revisions"}],"predecessor-version":[{"id":2270,"href":"https:\/\/grandhotelermitage.fr\/en\/wp-json\/wp\/v2\/pages\/1741\/revisions\/2270"}],"acf:attachment":[{"embeddable":true,"href":"https:\/\/grandhotelermitage.fr\/en\/wp-json\/wp\/v2\/media\/2614"},{"embeddable":true,"href":"https:\/\/grandhotelermitage.fr\/en\/wp-json\/wp\/v2\/media\/2602"},{"embeddable":true,"href":"https:\/\/grandhotelermitage.fr\/en\/wp-json\/wp\/v2\/media\/2594"},{"embeddable":true,"href":"https:\/\/grandhotelermitage.fr\/en\/wp-json\/wp\/v2\/media\/2590"},{"embeddable":true,"href":"https:\/\/grandhotelermitage.fr\/en\/wp-json\/wp\/v2\/media\/2578"},{"embeddable":true,"href":"https:\/\/grandhotelermitage.fr\/en\/wp-json\/wp\/v2\/media\/2086"},{"embeddable":true,"href":"https:\/\/grandhotelermitage.fr\/en\/wp-json\/wp\/v2\/media\/2220"},{"embeddable":true,"href":"https:\/\/grandhotelermitage.fr\/en\/wp-json\/wp\/v2\/media\/2180"},{"embeddable":true,"href":"https:\/\/grandhotelermitage.fr\/en\/wp-json\/wp\/v2\/media\/2176"},{"embeddable":true,"href":"https:\/\/grandhotelermitage.fr\/en\/wp-json\/wp\/v2\/media\/2140"},{"embeddable":true,"href":"https:\/\/grandhotelermitage.fr\/en\/wp-json\/wp\/v2\/media\/2152"},{"embeddable":true,"href":"https:\/\/grandhotelermitage.fr\/en\/wp-json\/wp\/v2\/media\/2582"},{"embeddable":true,"href":"https:\/\/grandhotelermitage.fr\/en\/wp-json\/wp\/v2\/media\/2114"},{"embeddable":true,"href":"https:\/\/grandhotelermitage.fr\/en\/wp-json\/wp\/v2\/media\/2228"},{"embeddable":true,"href":"https:\/\/grandhotelermitage.fr\/en\/wp-json\/wp\/v2\/media\/2610"},{"embeddable":true,"href":"https:\/\/grandhotelermitage.fr\/en\/wp-json\/wp\/v2\/media\/2606"},{"embeddable":true,"href":"https:\/\/grandhotelermitage.fr\/en\/wp-json\/wp\/v2\/media\/2598"},{"embeddable":true,"href":"https:\/\/grandhotelermitage.fr\/en\/wp-json\/wp\/v2\/media\/2586"},{"embeddable":true,"href":"https:\/\/grandhotelermitage.fr\/en\/wp-json\/wp\/v2\/media\/2487"},{"embeddable":true,"href":"https:\/\/grandhotelermitage.fr\/en\/wp-json\/wp\/v2\/media\/2570"},{"embeddable":true,"href":"https:\/\/grandhotelermitage.fr\/en\/wp-json\/wp\/v2\/media\/2574"},{"embeddable":true,"href":"https:\/\/grandhotelermitage.fr\/en\/wp-json\/wp\/v2\/media\/2118"}],"wp:featuredmedia":[{"embeddable":true,"href":"https:\/\/grandhotelermitage.fr\/en\/wp-json\/wp\/v2\/media\/2529"}],"wp:attachment":[{"href":"https:\/\/grandhotelermitage.fr\/en\/wp-json\/wp\/v2\/media?parent=1741"}],"curies":[{"name":"wp","href":"https:\/\/api.w.org\/{rel}","templated":true}]}}