{"id":1742,"date":"2024-09-13T13:16:29","date_gmt":"2024-09-13T13:16:29","guid":{"rendered":"https:\/\/grandhotelermitage.fr\/restaurants\/"},"modified":"2025-01-28T20:43:10","modified_gmt":"2025-01-28T20:43:10","slug":"restaurants","status":"publish","type":"page","link":"https:\/\/grandhotelermitage.fr\/es\/restaurants\/","title":{"rendered":"Restaurantes"},"content":{"rendered":"","protected":false},"excerpt":{"rendered":"","protected":false},"author":1,"featured_media":2530,"parent":0,"menu_order":0,"comment_status":"closed","ping_status":"closed","template":"","meta":{"_acf_changed":false,"_et_pb_use_builder":"","_et_pb_old_content":"","_et_gb_content_width":"","footnotes":""},"class_list":["post-1742","page","type-page","status-publish","has-post-thumbnail","hentry"],"acf":{"rest-img1":2567,"rest-st1":"Restaurantes","rest-t1":"Le Saint-Anne","rest-desc1":"Amplios ventanales que van del suelo al techo, una chimenea alrededor de la cual se disponen mesas y sillas, una hermosa bodega donde descansan bonitas botellas en un estuche de vidrio y metal, en todas partes madera, piedra, tonos blancos nacarados, juegos de luces... En este entorno que ofrece una magn\u00edfica vista de los Pirineos y del Cambre d'Aze, el chef prepara peque\u00f1os platos gastron\u00f3micos en un men\u00fa \u00fanico de cinco servicios. Para una cena junto al fuego, donde se destacan los mejores productos del Rosell\u00f3n. Ternera \"ros\u00e9e des Pyr\u00e9n\u00e9es\", setas de Olette, trucha de los Pirineos e incluso ouillada, jarrete y butifarra, plato t\u00edpicos catalanes. La precisi\u00f3n de la cocci\u00f3n, la sutileza de las texturas, algunas notas de acidez o amargor...\r\n\r\n<a class=\"btn\">Reserva al 04 68 04 04 08<\/a>\r\n<a class=\"btn\" href=\"https:\/\/grandhotelermitage.vouchercart.com\/app\/\" target=\"_blank\">Reg\u00e1lale una Cena \u2764\ufe0f<\/a>\r\n","index-galerie":[2119,2575,2571,2488,2587,2599,2607,2611,2229,2115,2583,2153,2141,2177,2181,2221,2087,2579,2591,2595,2603,2615],"rest-img2":2535,"rest-st2":"Cervecer\u00eda","rest-t2":"L'Ermitage caf\u00e9","rest-desc2":"Nada m\u00e1s pasar la recepci\u00f3n, el Ermitage Caf\u00e9 invita a hacer una pausa para COMER en un ambiente acogedor. En el men\u00fa, una cocina de bistr\u00f3 moderna que destaca las estaciones y los productores locales, y por supuesto, con un toque catal\u00e1n. Aqu\u00ed se disfruta de la comida con sencillez, bajo techos de madera o al sol en la terraza.\r\n\r\n<a class=\"btn\">Sin reserva<\/a>\r\n\r\n<a href=\"https:\/\/grandhotelermitage.fr\/wp-content\/uploads\/2024\/12\/brasserie.pdf\" target=\"_blank\" class=\"btn\">Ver el men\u00fa<\/a>","index-galerie2":""},"yoast_head":"<!-- This site is optimized with the Yoast SEO plugin v27.3 - https:\/\/yoast.com\/product\/yoast-seo-wordpress\/ -->\n<title>Restaurantes - Grand H\u00f4tel L&#039;Ermitage<\/title>\n<meta name=\"robots\" content=\"index, follow, max-snippet:-1, max-image-preview:large, max-video-preview:-1\" \/>\n<link rel=\"canonical\" href=\"https:\/\/grandhotelermitage.fr\/es\/restaurants\/\" \/>\n<meta property=\"og:locale\" content=\"es_ES\" \/>\n<meta property=\"og:type\" content=\"article\" \/>\n<meta property=\"og:title\" content=\"Restaurantes - Grand H\u00f4tel L&#039;Ermitage\" \/>\n<meta property=\"og:url\" content=\"https:\/\/grandhotelermitage.fr\/es\/restaurants\/\" \/>\n<meta property=\"og:site_name\" content=\"Grand H\u00f4tel L&#039;Ermitage\" \/>\n<meta property=\"article:publisher\" content=\"https:\/\/www.facebook.com\/profile.php?id=61568744783457\" \/>\n<meta property=\"article:modified_time\" content=\"2025-01-28T20:43:10+00:00\" \/>\n<meta property=\"og:image\" content=\"https:\/\/grandhotelermitage.fr\/wp-content\/uploads\/2025\/01\/465A0133.jpg\" \/>\n\t<meta property=\"og:image:width\" content=\"812\" \/>\n\t<meta property=\"og:image:height\" content=\"542\" \/>\n\t<meta property=\"og:image:type\" content=\"image\/jpeg\" \/>\n<meta name=\"twitter:card\" content=\"summary_large_image\" \/>\n<script type=\"application\/ld+json\" class=\"yoast-schema-graph\">{\"@context\":\"https:\\\/\\\/schema.org\",\"@graph\":[{\"@type\":\"WebPage\",\"@id\":\"https:\\\/\\\/grandhotelermitage.fr\\\/es\\\/restaurants\\\/\",\"url\":\"https:\\\/\\\/grandhotelermitage.fr\\\/es\\\/restaurants\\\/\",\"name\":\"Restaurantes - Grand H\u00f4tel L&#039;Ermitage\",\"isPartOf\":{\"@id\":\"https:\\\/\\\/grandhotelermitage.fr\\\/#website\"},\"primaryImageOfPage\":{\"@id\":\"https:\\\/\\\/grandhotelermitage.fr\\\/es\\\/restaurants\\\/#primaryimage\"},\"image\":{\"@id\":\"https:\\\/\\\/grandhotelermitage.fr\\\/es\\\/restaurants\\\/#primaryimage\"},\"thumbnailUrl\":\"https:\\\/\\\/grandhotelermitage.fr\\\/wp-content\\\/uploads\\\/2025\\\/10\\\/Ermitage_0CT25_084-scaled.jpg\",\"datePublished\":\"2024-09-13T13:16:29+00:00\",\"dateModified\":\"2025-01-28T20:43:10+00:00\",\"breadcrumb\":{\"@id\":\"https:\\\/\\\/grandhotelermitage.fr\\\/es\\\/restaurants\\\/#breadcrumb\"},\"inLanguage\":\"es\",\"potentialAction\":[{\"@type\":\"ReadAction\",\"target\":[\"https:\\\/\\\/grandhotelermitage.fr\\\/es\\\/restaurants\\\/\"]}]},{\"@type\":\"ImageObject\",\"inLanguage\":\"es\",\"@id\":\"https:\\\/\\\/grandhotelermitage.fr\\\/es\\\/restaurants\\\/#primaryimage\",\"url\":\"https:\\\/\\\/grandhotelermitage.fr\\\/wp-content\\\/uploads\\\/2025\\\/10\\\/Ermitage_0CT25_084-scaled.jpg\",\"contentUrl\":\"https:\\\/\\\/grandhotelermitage.fr\\\/wp-content\\\/uploads\\\/2025\\\/10\\\/Ermitage_0CT25_084-scaled.jpg\",\"width\":1920,\"height\":2880},{\"@type\":\"BreadcrumbList\",\"@id\":\"https:\\\/\\\/grandhotelermitage.fr\\\/es\\\/restaurants\\\/#breadcrumb\",\"itemListElement\":[{\"@type\":\"ListItem\",\"position\":1,\"name\":\"Accueil\",\"item\":\"https:\\\/\\\/grandhotelermitage.fr\\\/es\\\/\"},{\"@type\":\"ListItem\",\"position\":2,\"name\":\"Restaurantes\"}]},{\"@type\":\"WebSite\",\"@id\":\"https:\\\/\\\/grandhotelermitage.fr\\\/#website\",\"url\":\"https:\\\/\\\/grandhotelermitage.fr\\\/\",\"name\":\"Grand H\u00f4tel L'Ermitage\",\"description\":\"\",\"publisher\":{\"@id\":\"https:\\\/\\\/grandhotelermitage.fr\\\/#organization\"},\"potentialAction\":[{\"@type\":\"SearchAction\",\"target\":{\"@type\":\"EntryPoint\",\"urlTemplate\":\"https:\\\/\\\/grandhotelermitage.fr\\\/?s={search_term_string}\"},\"query-input\":{\"@type\":\"PropertyValueSpecification\",\"valueRequired\":true,\"valueName\":\"search_term_string\"}}],\"inLanguage\":\"es\"},{\"@type\":\"Organization\",\"@id\":\"https:\\\/\\\/grandhotelermitage.fr\\\/#organization\",\"name\":\"Grand H\u00f4tel L'Ermitage\",\"url\":\"https:\\\/\\\/grandhotelermitage.fr\\\/\",\"logo\":{\"@type\":\"ImageObject\",\"inLanguage\":\"es\",\"@id\":\"https:\\\/\\\/grandhotelermitage.fr\\\/#\\\/schema\\\/logo\\\/image\\\/\",\"url\":\"https:\\\/\\\/grandhotelermitage.fr\\\/wp-content\\\/uploads\\\/2024\\\/11\\\/LogoGrandHotelErmitage-noir.svg\",\"contentUrl\":\"https:\\\/\\\/grandhotelermitage.fr\\\/wp-content\\\/uploads\\\/2024\\\/11\\\/LogoGrandHotelErmitage-noir.svg\",\"width\":983,\"height\":421,\"caption\":\"Grand H\u00f4tel L'Ermitage\"},\"image\":{\"@id\":\"https:\\\/\\\/grandhotelermitage.fr\\\/#\\\/schema\\\/logo\\\/image\\\/\"},\"sameAs\":[\"https:\\\/\\\/www.facebook.com\\\/profile.php?id=61568744783457\",\"https:\\\/\\\/www.instagram.com\\\/grandhotelermitage\\\/\"]}]}<\/script>\n<!-- \/ Yoast SEO plugin. -->","yoast_head_json":{"title":"Restaurantes - Grand H\u00f4tel L&#039;Ermitage","robots":{"index":"index","follow":"follow","max-snippet":"max-snippet:-1","max-image-preview":"max-image-preview:large","max-video-preview":"max-video-preview:-1"},"canonical":"https:\/\/grandhotelermitage.fr\/es\/restaurants\/","og_locale":"es_ES","og_type":"article","og_title":"Restaurantes - Grand H\u00f4tel L&#039;Ermitage","og_url":"https:\/\/grandhotelermitage.fr\/es\/restaurants\/","og_site_name":"Grand H\u00f4tel L&#039;Ermitage","article_publisher":"https:\/\/www.facebook.com\/profile.php?id=61568744783457","article_modified_time":"2025-01-28T20:43:10+00:00","og_image":[{"width":812,"height":542,"url":"https:\/\/grandhotelermitage.fr\/wp-content\/uploads\/2025\/01\/465A0133.jpg","type":"image\/jpeg"}],"twitter_card":"summary_large_image","schema":{"@context":"https:\/\/schema.org","@graph":[{"@type":"WebPage","@id":"https:\/\/grandhotelermitage.fr\/es\/restaurants\/","url":"https:\/\/grandhotelermitage.fr\/es\/restaurants\/","name":"Restaurantes - Grand H\u00f4tel L&#039;Ermitage","isPartOf":{"@id":"https:\/\/grandhotelermitage.fr\/#website"},"primaryImageOfPage":{"@id":"https:\/\/grandhotelermitage.fr\/es\/restaurants\/#primaryimage"},"image":{"@id":"https:\/\/grandhotelermitage.fr\/es\/restaurants\/#primaryimage"},"thumbnailUrl":"https:\/\/grandhotelermitage.fr\/wp-content\/uploads\/2025\/10\/Ermitage_0CT25_084-scaled.jpg","datePublished":"2024-09-13T13:16:29+00:00","dateModified":"2025-01-28T20:43:10+00:00","breadcrumb":{"@id":"https:\/\/grandhotelermitage.fr\/es\/restaurants\/#breadcrumb"},"inLanguage":"es","potentialAction":[{"@type":"ReadAction","target":["https:\/\/grandhotelermitage.fr\/es\/restaurants\/"]}]},{"@type":"ImageObject","inLanguage":"es","@id":"https:\/\/grandhotelermitage.fr\/es\/restaurants\/#primaryimage","url":"https:\/\/grandhotelermitage.fr\/wp-content\/uploads\/2025\/10\/Ermitage_0CT25_084-scaled.jpg","contentUrl":"https:\/\/grandhotelermitage.fr\/wp-content\/uploads\/2025\/10\/Ermitage_0CT25_084-scaled.jpg","width":1920,"height":2880},{"@type":"BreadcrumbList","@id":"https:\/\/grandhotelermitage.fr\/es\/restaurants\/#breadcrumb","itemListElement":[{"@type":"ListItem","position":1,"name":"Accueil","item":"https:\/\/grandhotelermitage.fr\/es\/"},{"@type":"ListItem","position":2,"name":"Restaurantes"}]},{"@type":"WebSite","@id":"https:\/\/grandhotelermitage.fr\/#website","url":"https:\/\/grandhotelermitage.fr\/","name":"Grand H\u00f4tel L'Ermitage","description":"","publisher":{"@id":"https:\/\/grandhotelermitage.fr\/#organization"},"potentialAction":[{"@type":"SearchAction","target":{"@type":"EntryPoint","urlTemplate":"https:\/\/grandhotelermitage.fr\/?s={search_term_string}"},"query-input":{"@type":"PropertyValueSpecification","valueRequired":true,"valueName":"search_term_string"}}],"inLanguage":"es"},{"@type":"Organization","@id":"https:\/\/grandhotelermitage.fr\/#organization","name":"Grand H\u00f4tel L'Ermitage","url":"https:\/\/grandhotelermitage.fr\/","logo":{"@type":"ImageObject","inLanguage":"es","@id":"https:\/\/grandhotelermitage.fr\/#\/schema\/logo\/image\/","url":"https:\/\/grandhotelermitage.fr\/wp-content\/uploads\/2024\/11\/LogoGrandHotelErmitage-noir.svg","contentUrl":"https:\/\/grandhotelermitage.fr\/wp-content\/uploads\/2024\/11\/LogoGrandHotelErmitage-noir.svg","width":983,"height":421,"caption":"Grand H\u00f4tel L'Ermitage"},"image":{"@id":"https:\/\/grandhotelermitage.fr\/#\/schema\/logo\/image\/"},"sameAs":["https:\/\/www.facebook.com\/profile.php?id=61568744783457","https:\/\/www.instagram.com\/grandhotelermitage\/"]}]}},"_links":{"self":[{"href":"https:\/\/grandhotelermitage.fr\/es\/wp-json\/wp\/v2\/pages\/1742","targetHints":{"allow":["GET"]}}],"collection":[{"href":"https:\/\/grandhotelermitage.fr\/es\/wp-json\/wp\/v2\/pages"}],"about":[{"href":"https:\/\/grandhotelermitage.fr\/es\/wp-json\/wp\/v2\/types\/page"}],"author":[{"embeddable":true,"href":"https:\/\/grandhotelermitage.fr\/es\/wp-json\/wp\/v2\/users\/1"}],"replies":[{"embeddable":true,"href":"https:\/\/grandhotelermitage.fr\/es\/wp-json\/wp\/v2\/comments?post=1742"}],"version-history":[{"count":3,"href":"https:\/\/grandhotelermitage.fr\/es\/wp-json\/wp\/v2\/pages\/1742\/revisions"}],"predecessor-version":[{"id":2269,"href":"https:\/\/grandhotelermitage.fr\/es\/wp-json\/wp\/v2\/pages\/1742\/revisions\/2269"}],"acf:attachment":[{"embeddable":true,"href":"https:\/\/grandhotelermitage.fr\/es\/wp-json\/wp\/v2\/media\/2615"},{"embeddable":true,"href":"https:\/\/grandhotelermitage.fr\/es\/wp-json\/wp\/v2\/media\/2603"},{"embeddable":true,"href":"https:\/\/grandhotelermitage.fr\/es\/wp-json\/wp\/v2\/media\/2595"},{"embeddable":true,"href":"https:\/\/grandhotelermitage.fr\/es\/wp-json\/wp\/v2\/media\/2591"},{"embeddable":true,"href":"https:\/\/grandhotelermitage.fr\/es\/wp-json\/wp\/v2\/media\/2579"},{"embeddable":true,"href":"https:\/\/grandhotelermitage.fr\/es\/wp-json\/wp\/v2\/media\/2087"},{"embeddable":true,"href":"https:\/\/grandhotelermitage.fr\/es\/wp-json\/wp\/v2\/media\/2221"},{"embeddable":true,"href":"https:\/\/grandhotelermitage.fr\/es\/wp-json\/wp\/v2\/media\/2181"},{"embeddable":true,"href":"https:\/\/grandhotelermitage.fr\/es\/wp-json\/wp\/v2\/media\/2177"},{"embeddable":true,"href":"https:\/\/grandhotelermitage.fr\/es\/wp-json\/wp\/v2\/media\/2141"},{"embeddable":true,"href":"https:\/\/grandhotelermitage.fr\/es\/wp-json\/wp\/v2\/media\/2153"},{"embeddable":true,"href":"https:\/\/grandhotelermitage.fr\/es\/wp-json\/wp\/v2\/media\/2583"},{"embeddable":true,"href":"https:\/\/grandhotelermitage.fr\/es\/wp-json\/wp\/v2\/media\/2115"},{"embeddable":true,"href":"https:\/\/grandhotelermitage.fr\/es\/wp-json\/wp\/v2\/media\/2229"},{"embeddable":true,"href":"https:\/\/grandhotelermitage.fr\/es\/wp-json\/wp\/v2\/media\/2611"},{"embeddable":true,"href":"https:\/\/grandhotelermitage.fr\/es\/wp-json\/wp\/v2\/media\/2607"},{"embeddable":true,"href":"https:\/\/grandhotelermitage.fr\/es\/wp-json\/wp\/v2\/media\/2599"},{"embeddable":true,"href":"https:\/\/grandhotelermitage.fr\/es\/wp-json\/wp\/v2\/media\/2587"},{"embeddable":true,"href":"https:\/\/grandhotelermitage.fr\/es\/wp-json\/wp\/v2\/media\/2488"},{"embeddable":true,"href":"https:\/\/grandhotelermitage.fr\/es\/wp-json\/wp\/v2\/media\/2571"},{"embeddable":true,"href":"https:\/\/grandhotelermitage.fr\/es\/wp-json\/wp\/v2\/media\/2575"},{"embeddable":true,"href":"https:\/\/grandhotelermitage.fr\/es\/wp-json\/wp\/v2\/media\/2119"}],"wp:featuredmedia":[{"embeddable":true,"href":"https:\/\/grandhotelermitage.fr\/es\/wp-json\/wp\/v2\/media\/2530"}],"wp:attachment":[{"href":"https:\/\/grandhotelermitage.fr\/es\/wp-json\/wp\/v2\/media?parent=1742"}],"curies":[{"name":"wp","href":"https:\/\/api.w.org\/{rel}","templated":true}]}}